{"id":721,"date":"2024-06-23T09:18:24","date_gmt":"2024-06-23T06:18:24","guid":{"rendered":"https:\/\/baltijasmaratoni.lv\/?page_id=721"},"modified":"2025-12-18T17:04:24","modified_gmt":"2025-12-18T15:04:24","slug":"par-mums","status":"publish","type":"page","link":"https:\/\/baltijasmaratoni.lv\/en\/par-mums\/","title":{"rendered":"About Us"},"content":{"rendered":"<div class=\"gb-container gb-container-7ecb02e3\">\n\n<h4 class=\"wp-block-heading\"><strong>Baltijasmaratoni.lv<\/strong><\/h4>\n\n\n\n<p>We are an international sports marketing agency. With genuine enthusiasm, we implement the collaborative projects entrusted to us.<\/p>\n\n\n\n<p>The foundation of our success is a cohesive and professional team. Our specialization is international sports marketing and sponsorship projects. (Behind every mass sports event is an organization that increases its numbers)<\/p>\n\n\n\n<p>We have created a series of Baltic sports marathons in the mass and professional sports segment, with the most significant projects in the region. The creators of the Balticmaratoni.lv brand are sports marketing professionals with experience in organizing international, large-scale sports events in the Baltics, forming the best team of specialists in the field, presenting a new, ambitious Baltic sports movement in January 2014: www.baltijasmaratoni.lv \/ www.balticmarathons.com<\/p>\n\n\n\n<p>Investing in sports today means speaking to millions of fans, delivering a direct and emotional message, as well as creating a long-term emotional connection between the consumer and the brand.<\/p>\n\n\n\n<p>Our expertise covers the entire spectrum of activities necessary to create and organize high-level projects, ensuring quality communication coverage in the media.<\/p>\n\n\n\n<p>Our work is our hobby, and we believe that we can inspire every one of our participants and partners. Our approach to project implementation adheres to high standards of quality and safety with an individual approach to everyone.<\/p>\n\n\n\n<p>By expanding the brand's operations, we have also initiated the implementation of franchise projects and, accumulating experience, have introduced a spectrum of marketing services that allows our partners and potential clients to choose us as an experienced marketing service provider.<\/p>\n\n<\/div>\n\n<div class=\"gb-container gb-container-0dd72e6b\">\n\n<h2 class=\"gb-headline gb-headline-b30e38b7 gb-headline-text\">Our Values<\/h2>\n\n\n<div class=\"gb-container gb-container-f72e5b93 grid-4\">\n<div class=\"gb-container gb-container-eeaeb9e7\">\n\n<h3 class=\"gb-headline gb-headline-2e56ba05\"><span class=\"gb-icon\"><svg aria-hidden=\"true\" role=\"img\" height=\"1em\" width=\"1em\" viewbox=\"0 0 512 512\" xmlns=\"http:\/\/www.w3.org\/2000\/svg\"><path fill=\"currentColor\" d=\"M504 256c0 136.967-111.033 248-248 248S8 392.967 8 256 119.033 8 256 8s248 111.033 248 248zM227.314 387.314l184-184c6.248-6.248 6.248-16.379 0-22.627l-22.627-22.627c-6.248-6.249-16.379-6.249-22.628 0L216 308.118l-70.059-70.059c-6.248-6.248-16.379-6.248-22.628 0l-22.627 22.627c-6.248 6.248-6.248 16.379 0 22.627l104 104c6.249 6.249 16.379 6.249 22.628.001z\"><\/path><\/svg><\/span><span class=\"gb-headline-text\">Responsibility<\/span><\/h3>\n\n\n\n<p class=\"has-text-align-left\">The Balticmaratoni.lv team adheres to high service standards and responsibility towards each of the parties involved.<\/p>\n\n<\/div>\n\n<div class=\"gb-container gb-container-f8a039ce\">\n\n<h3 class=\"gb-headline gb-headline-9caabe06\"><span class=\"gb-icon\"><svg aria-hidden=\"true\" role=\"img\" height=\"1em\" width=\"1em\" viewbox=\"0 0 512 512\" xmlns=\"http:\/\/www.w3.org\/2000\/svg\"><path fill=\"currentColor\" d=\"M504 256c0 136.967-111.033 248-248 248S8 392.967 8 256 119.033 8 256 8s248 111.033 248 248zM227.314 387.314l184-184c6.248-6.248 6.248-16.379 0-22.627l-22.627-22.627c-6.248-6.249-16.379-6.249-22.628 0L216 308.118l-70.059-70.059c-6.248-6.248-16.379-6.248-22.628 0l-22.627 22.627c-6.248 6.248-6.248 16.379 0 22.627l104 104c6.249 6.249 16.379 6.249 22.628.001z\"><\/path><\/svg><\/span><span class=\"gb-headline-text\">Passion<\/span><\/h3>\n\n\n\n<p class=\"has-text-align-left\">It goes hand in hand with sports, including the marketing sphere, and is an integral part of the organization that prides itself on its understanding of participants, brands, and partners.<\/p>\n\n<\/div>\n\n<div class=\"gb-container gb-container-0a328397\">\n\n<h3 class=\"gb-headline gb-headline-9694b2b2\"><span class=\"gb-icon\"><svg aria-hidden=\"true\" role=\"img\" height=\"1em\" width=\"1em\" viewbox=\"0 0 512 512\" xmlns=\"http:\/\/www.w3.org\/2000\/svg\"><path fill=\"currentColor\" d=\"M504 256c0 136.967-111.033 248-248 248S8 392.967 8 256 119.033 8 256 8s248 111.033 248 248zM227.314 387.314l184-184c6.248-6.248 6.248-16.379 0-22.627l-22.627-22.627c-6.248-6.249-16.379-6.249-22.628 0L216 308.118l-70.059-70.059c-6.248-6.248-16.379-6.248-22.628 0l-22.627 22.627c-6.248 6.248-6.248 16.379 0 22.627l104 104c6.249 6.249 16.379 6.249 22.628.001z\"><\/path><\/svg><\/span><span class=\"gb-headline-text\">Quality<\/span><\/h3>\n\n\n\n<p class=\"has-text-align-left\">It includes continuously improved safety solutions and high-quality standards.<\/p>\n\n<\/div>\n\n<div class=\"gb-container gb-container-3824a36f\">\n\n<h3 class=\"gb-headline gb-headline-1f142ba1\"><span class=\"gb-icon\"><svg aria-hidden=\"true\" role=\"img\" height=\"1em\" width=\"1em\" viewbox=\"0 0 512 512\" xmlns=\"http:\/\/www.w3.org\/2000\/svg\"><path fill=\"currentColor\" d=\"M504 256c0 136.967-111.033 248-248 248S8 392.967 8 256 119.033 8 256 8s248 111.033 248 248zM227.314 387.314l184-184c6.248-6.248 6.248-16.379 0-22.627l-22.627-22.627c-6.248-6.249-16.379-6.249-22.628 0L216 308.118l-70.059-70.059c-6.248-6.248-16.379-6.248-22.628 0l-22.627 22.627c-6.248 6.248-6.248 16.379 0 22.627l104 104c6.249 6.249 16.379 6.249 22.628.001z\"><\/path><\/svg><\/span><span class=\"gb-headline-text\">Responsibility<\/span><\/h3>\n\n\n\n<p class=\"has-text-align-left\">Every team member at Balticmaratoni.lv strives for excellence, constantly reviewing and improving their organizational procedures.<\/p>\n\n<\/div>\n<\/div>\n<\/div>","protected":false},"excerpt":{"rendered":"<p>Baltijasmaratoni.lv M\u0113s esam starptautiska, sporta m\u0101rketinga a\u0123ent\u016bra. Ar patiesu aizraut\u012bbu m\u0113s realiz\u0113jam mums uztic\u0113tos sadarb\u012bbas projektus. M\u016bsu veiksmes pamat\u0101 ir salied\u0113ta un profesion\u0101la komanda. M\u016bsu specializ\u0101cija ir starptautiskais sporta m\u0101rketings un sponsoringa projekti. ( Aiz katra masu sporta pas\u0101kuma ir organiz\u0101cija, kas palielina t\u0101 skait\u013cus ) Esam izveidoju\u0161i Baltijas sporta maratonu s\u0113riju, tautas masu un [&hellip;]<\/p>","protected":false},"author":1,"featured_media":0,"parent":0,"menu_order":0,"comment_status":"closed","ping_status":"closed","template":"","meta":{"_acf_changed":false,"footnotes":""},"class_list":["post-721","page","type-page","status-publish","hentry"],"blocksy_meta":{"has_hero_section":"enabled","hero_section":"type-2","hero_elements":[{"id":"custom_title","enabled":true,"heading_tag":"h1","title":"Home","__id":"mZBb7lfAtNdESZv2oFgmo"},{"id":"custom_description","enabled":false,"description_visibility":{"desktop":true,"tablet":true,"mobile":false},"__id":"7j16G06uyIMibxQ9KJspB"},{"id":"custom_meta","enabled":false,"meta_elements":[{"id":"author","enabled":true,"label":"By","has_author_avatar":"yes","avatar_size":25},{"id":"post_date","enabled":true,"label":"On","date_format_source":"default","date_format":"M j, Y"},{"id":"updated_date","enabled":false,"label":"On","date_format_source":"default","date_format":"M j, Y"},{"id":"categories","enabled":false,"label":"In","style":"simple"},{"id":"comments","enabled":true}],"page_meta_elements":{"joined":true,"articles_count":true,"comments":true},"__id":"u040whjvyWiUYCxif_o60"},{"id":"breadcrumbs","enabled":false,"__id":"fDwrCbtjSWM-gkrBXTndZ"},{"id":"content-block","enabled":false,"__id":"LDezv4kabCe8XWyHO405L"}],"pageTitleFont":{"family":"Default","variation":"Default","size":{"desktop":"46px","tablet":"46px","mobile":"46px"},"line-height":"CT_CSS_SKIP_RULE","letter-spacing":"CT_CSS_SKIP_RULE","text-transform":"CT_CSS_SKIP_RULE","text-decoration":"CT_CSS_SKIP_RULE"},"pageTitleFontColor":{"default":{"color":"var(--theme-palette-color-8)"}},"pageTitleBackground":{"background_type":"image","background_pattern":"type-1","background_image":{"attachment_id":560,"x":0,"y":0,"url":"https:\/\/baltijasmaratoni.lv\/wp-content\/uploads\/2024\/06\/krasu_skrejiens_2018_header_img-1024x160.jpg"},"gradient":"linear-gradient(135deg,rgba(6,147,227,1) 0%,rgb(155,81,224) 100%)","background_repeat":"no-repeat","background_size":"cover","background_attachment":"scroll","patternColor":{"default":{"color":"#e5e7ea"}},"overlayColor":{"default":{"color":"rgba(0, 0, 0, 0.4)"}},"backgroundColor":{"default":{"color":"var(--theme-palette-color-6)"}}},"styles_descriptor":{"styles":{"desktop":"[data-prefix=\"single_page\"] .entry-header .page-title {--theme-font-size:46px;--theme-heading-color:var(--theme-palette-color-8);} [data-prefix=\"single_page\"] .entry-header .entry-meta {--theme-font-weight:600;--theme-text-transform:uppercase;--theme-font-size:12px;--theme-line-height:1.3;} [data-prefix=\"single_page\"] .hero-section[data-type=\"type-2\"] {background-position:0% 0%;background-size:cover;background-repeat:no-repeat;background-color:var(--theme-palette-color-6);background-image:linear-gradient(rgba(0, 0, 0, 0.4), rgba(0, 0, 0, 0.4)), url(https:\/\/baltijasmaratoni.lv\/wp-content\/uploads\/2024\/06\/krasu_skrejiens_2018_header_img.jpg);--container-padding:50px 0px;}","tablet":"","mobile":""},"google_fonts":[],"version":6}},"acf":[],"_links":{"self":[{"href":"https:\/\/baltijasmaratoni.lv\/en\/wp-json\/wp\/v2\/pages\/721","targetHints":{"allow":["GET"]}}],"collection":[{"href":"https:\/\/baltijasmaratoni.lv\/en\/wp-json\/wp\/v2\/pages"}],"about":[{"href":"https:\/\/baltijasmaratoni.lv\/en\/wp-json\/wp\/v2\/types\/page"}],"author":[{"embeddable":true,"href":"https:\/\/baltijasmaratoni.lv\/en\/wp-json\/wp\/v2\/users\/1"}],"replies":[{"embeddable":true,"href":"https:\/\/baltijasmaratoni.lv\/en\/wp-json\/wp\/v2\/comments?post=721"}],"version-history":[{"count":4,"href":"https:\/\/baltijasmaratoni.lv\/en\/wp-json\/wp\/v2\/pages\/721\/revisions"}],"predecessor-version":[{"id":828,"href":"https:\/\/baltijasmaratoni.lv\/en\/wp-json\/wp\/v2\/pages\/721\/revisions\/828"}],"wp:attachment":[{"href":"https:\/\/baltijasmaratoni.lv\/en\/wp-json\/wp\/v2\/media?parent=721"}],"curies":[{"name":"wp","href":"https:\/\/api.w.org\/{rel}","templated":true}]}}