{"id":8030,"date":"2025-07-09T17:44:55","date_gmt":"2025-07-09T14:44:55","guid":{"rendered":"https:\/\/baltijasmaratoni.lv\/?page_id=8030"},"modified":"2025-12-19T09:16:21","modified_gmt":"2025-12-19T07:16:21","slug":"paldies-par-registresanos-jurmalas-velomaratons","status":"publish","type":"page","link":"https:\/\/baltijasmaratoni.lv\/en\/paldies-par-registresanos-jurmalas-velomaratons\/","title":{"rendered":"Paldies par re\u0123istr\u0113\u0161anos J\u016brmalas velomaratons"},"content":{"rendered":"<p>Your registration has been received. You should soon receive an email with your registration details. If you do not see the email, it is advisable to check all email folders (including the \u201cSpam\u201d folder). Thank you!<\/p>\n\n\n<div class=\"gb-container gb-container-54a8b962\">\n\n<a class=\"gb-button gb-button-ff4a7eab gb-button-text\" href=\"https:\/\/baltijasmaratoni.lv\/en\/maratonu-lapas\/jurmalas-velomaratons\/registresanas\/\">Go to the registration form<\/a>\n\n<\/div>","protected":false},"excerpt":{"rendered":"<p>Your registration has been received. You should soon receive an email with your registration details. If you do not see the email, it is advisable to check all email folders (including the \u201cSpam\u201d folder). Thank you!<\/p>","protected":false},"author":1,"featured_media":0,"parent":0,"menu_order":0,"comment_status":"closed","ping_status":"closed","template":"","meta":{"_acf_changed":false,"footnotes":""},"class_list":["post-8030","page","type-page","status-publish","hentry"],"blocksy_meta":{"has_hero_section":"enabled","hero_section":"type-2","hero_elements":[{"id":"custom_title","enabled":true,"heading_tag":"h1","title":"Home","__id":"6o9wZaWHP8OPa6_7PtYAS"},{"id":"custom_description","enabled":false,"description_visibility":{"desktop":true,"tablet":true,"mobile":false},"__id":"o6hJSJ6oNa2yoDzT1DAuq"},{"id":"custom_meta","enabled":false,"meta_elements":[{"id":"author","enabled":true,"label":"By","has_author_avatar":"yes","avatar_size":25},{"id":"post_date","enabled":true,"label":"On","date_format_source":"default","date_format":"M j, Y"},{"id":"updated_date","enabled":false,"label":"On","date_format_source":"default","date_format":"M j, Y"},{"id":"categories","enabled":false,"label":"In","style":"simple"},{"id":"comments","enabled":true}],"page_meta_elements":{"joined":true,"articles_count":true,"comments":true},"__id":"Q1RPMAQj6r8BmvOJ_XTTT"},{"id":"breadcrumbs","enabled":false,"__id":"SwQzXj_7Ey7YBCjAuHone"},{"id":"content-block","enabled":false,"__id":"TVsY-TgrFIGt3-WXDnMRK"}],"pageTitleFontColor":{"default":{"color":"var(--theme-palette-color-8)"}},"pageTitleBackground":{"background_type":"image","background_pattern":"type-1","background_image":{"attachment_id":560,"x":0,"y":0,"url":"https:\/\/baltijasmaratoni.lv\/wp-content\/uploads\/2024\/06\/krasu_skrejiens_2018_header_img-1024x160.jpg"},"gradient":"linear-gradient(135deg,rgba(6,147,227,1) 0%,rgb(155,81,224) 100%)","background_repeat":"no-repeat","background_size":"cover","background_attachment":"scroll","patternColor":{"default":{"color":"#e5e7ea"}},"overlayColor":{"default":{"color":"rgba(0, 0, 0, 0.32)"}},"backgroundColor":{"default":{"color":"rgba(0, 0, 0, 0.7)"}}},"styles_descriptor":{"styles":{"desktop":"[data-prefix=\"single_page\"] .entry-header .page-title {--theme-font-size:30px;--theme-heading-color:var(--theme-palette-color-8);} [data-prefix=\"single_page\"] .entry-header .entry-meta {--theme-font-weight:600;--theme-text-transform:uppercase;--theme-font-size:12px;--theme-line-height:1.3;} [data-prefix=\"single_page\"] .hero-section[data-type=\"type-2\"] {background-position:0% 0%;background-size:cover;background-repeat:no-repeat;background-color:rgba(0, 0, 0, 0.7);background-image:linear-gradient(rgba(0, 0, 0, 0.32), rgba(0, 0, 0, 0.32)), url(https:\/\/baltijasmaratoni.lv\/wp-content\/uploads\/2024\/06\/krasu_skrejiens_2018_header_img.jpg);--container-padding:50px 0px;}","tablet":"","mobile":""},"google_fonts":[],"version":6}},"acf":[],"_links":{"self":[{"href":"https:\/\/baltijasmaratoni.lv\/en\/wp-json\/wp\/v2\/pages\/8030","targetHints":{"allow":["GET"]}}],"collection":[{"href":"https:\/\/baltijasmaratoni.lv\/en\/wp-json\/wp\/v2\/pages"}],"about":[{"href":"https:\/\/baltijasmaratoni.lv\/en\/wp-json\/wp\/v2\/types\/page"}],"author":[{"embeddable":true,"href":"https:\/\/baltijasmaratoni.lv\/en\/wp-json\/wp\/v2\/users\/1"}],"replies":[{"embeddable":true,"href":"https:\/\/baltijasmaratoni.lv\/en\/wp-json\/wp\/v2\/comments?post=8030"}],"version-history":[{"count":1,"href":"https:\/\/baltijasmaratoni.lv\/en\/wp-json\/wp\/v2\/pages\/8030\/revisions"}],"predecessor-version":[{"id":8031,"href":"https:\/\/baltijasmaratoni.lv\/en\/wp-json\/wp\/v2\/pages\/8030\/revisions\/8031"}],"wp:attachment":[{"href":"https:\/\/baltijasmaratoni.lv\/en\/wp-json\/wp\/v2\/media?parent=8030"}],"curies":[{"name":"wp","href":"https:\/\/api.w.org\/{rel}","templated":true}]}}